{"id":963,"date":"2017-04-09T22:19:12","date_gmt":"2017-04-09T20:19:12","guid":{"rendered":"http:\/\/www.vhs-tarifvertrag.de\/wordpress\/?page_id=963"},"modified":"2026-04-29T14:37:22","modified_gmt":"2026-04-29T12:37:22","slug":"inhalte-startseite-ausgelagert","status":"publish","type":"page","link":"https:\/\/www.vhs-tarifvertrag.de\/wordpress\/","title":{"rendered":"Berliner VHS-Dozent*innen-Vertretung"},"content":{"rendered":"<p>&nbsp;<\/p>\n<p>&nbsp;<\/p>\n<p><img loading=\"lazy\" decoding=\"async\" class=\"alignnone wp-image-2138 size-large\" src=\"https:\/\/www.vhs-tarifvertrag.de\/wordpress\/wp-content\/uploads\/20220617_191412-scaled-e1658511618477-1024x714.jpg\" alt=\"\" width=\"665\" height=\"464\" srcset=\"https:\/\/www.vhs-tarifvertrag.de\/wordpress\/wp-content\/uploads\/20220617_191412-scaled-e1658511618477-1024x714.jpg 1024w, https:\/\/www.vhs-tarifvertrag.de\/wordpress\/wp-content\/uploads\/20220617_191412-scaled-e1658511618477-300x209.jpg 300w, https:\/\/www.vhs-tarifvertrag.de\/wordpress\/wp-content\/uploads\/20220617_191412-scaled-e1658511618477-768x536.jpg 768w, https:\/\/www.vhs-tarifvertrag.de\/wordpress\/wp-content\/uploads\/20220617_191412-scaled-e1658511618477-1536x1071.jpg 1536w, https:\/\/www.vhs-tarifvertrag.de\/wordpress\/wp-content\/uploads\/20220617_191412-scaled-e1658511618477-660x460.jpg 660w, https:\/\/www.vhs-tarifvertrag.de\/wordpress\/wp-content\/uploads\/20220617_191412-scaled-e1658511618477-200x140.jpg 200w, https:\/\/www.vhs-tarifvertrag.de\/wordpress\/wp-content\/uploads\/20220617_191412-scaled-e1658511618477.jpg 1779w\" sizes=\"auto, (max-width: 665px) 100vw, 665px\" \/><\/p>\n<p><strong>Die Berliner VHS-Dozent*innen-Vertretung<\/strong> ist eine selbstorganisierte Institution, die ehrenamtlich arbeitet. Sie wird als Gespr\u00e4chspartnerin in Politik und Verwaltung seit Jahren akzeptiert. Durch das Berliner Erwachsenenbildungsgesetz von August 2021 sind erstmals Kursleitenden-<a href=\"https:\/\/www.vhs-tarifvertrag.de\/wordpress\/?page_id=197\" target=\"_blank\" rel=\"noopener\"><strong>Vertretungen in allen Bezirken<\/strong><\/a> gesetzlich vorgeschrieben. Dadurch wird auch die Berliner VHS-Dozent:innen-Vertretung, die auf Landesebene agiert, gest\u00e4rkt.<\/p>\n<p>Wir setzen uns f\u00fcr eine <strong>bessere soziale Absicherung sowie h\u00f6here Honorare<\/strong> von VHS-Lehrkr\u00e4ften ein. F\u00fcr die arbeitnehmer\u00e4hnlichen VHS-Dozent:innen streben wir einen Tarifvertrag an. Auch wenn wir regelm\u00e4\u00dfige Honorarerh\u00f6hungen und eine Honorarausfallzahlung im Krankheitsfall erstritten haben sowie Zuschl\u00e4ge zu den Sozialversicherungen erhalten, reicht uns das noch nicht. Denn auch bei jahrelanger Besch\u00e4ftigung erhalten wir immer nur Kurzvertr\u00e4ge und k\u00f6nnen jederzeit ohne Arbeit und Einkommen dastehen.<\/p>\n<p>Unsere Ziele sind: Gleicher Lohn wie angestellte Lehrkr\u00e4fte, mehr soziale Sicherheit.<\/p>\n<p>Kontakt: <u><a href=\"mailto:dozvertretung-VHS-berlin@gmx.de\">dozvertretung-VHS-berlin@gmx.de<\/a><\/u><\/p>\n<div id=\"TextSection\" dir=\"ltr\">\n<div id=\"attachment_578\" style=\"width: 310px\" class=\"wp-caption alignright\"><img loading=\"lazy\" decoding=\"async\" aria-describedby=\"caption-attachment-578\" class=\"size-medium wp-image-578\" src=\"https:\/\/www.vhs-tarifvertrag.de\/wordpress\/wp-content\/uploads\/20160609cvp015-300x200.jpg\" alt=\"\" width=\"300\" height=\"200\" srcset=\"https:\/\/www.vhs-tarifvertrag.de\/wordpress\/wp-content\/uploads\/20160609cvp015-300x200.jpg 300w, https:\/\/www.vhs-tarifvertrag.de\/wordpress\/wp-content\/uploads\/20160609cvp015-768x512.jpg 768w, https:\/\/www.vhs-tarifvertrag.de\/wordpress\/wp-content\/uploads\/20160609cvp015-1024x683.jpg 1024w, https:\/\/www.vhs-tarifvertrag.de\/wordpress\/wp-content\/uploads\/20160609cvp015-660x440.jpg 660w\" sizes=\"auto, (max-width: 300px) 100vw, 300px\" \/><p id=\"caption-attachment-578\" class=\"wp-caption-text\">copy right: C h r i s t i a n v. P o l e n t z \/ t r a n s i t f o t o . d e<a name=\"caption-attachment-578\"><\/a><\/p><\/div>\n<\/div>\n<p><b>Die Berliner VHS-Dozent*innen-Vertretung 2023\/2024<br \/>\n<\/b><\/p>\n<p>Die Berliner VHS-Dozent*innen-Vertretung wird j\u00e4hrlich auf einer Vollversammlung gew\u00e4hlt.<\/p>\n<p>Bei der Vollversammlung am 21.02.26 (hybrid) wurden folgende Kolleg:innen in die Berliner VHS-Dozent:innen-Vertretung gew\u00e4hlt:<\/p>\n<p>Andr\u00e9 Hegner (VHS CW, Mitte)<br \/>\nBarbara Meyer zu Ermgassen (VHS SZ)<br \/>\nBlanca Murillo (VHS Mitte, CW)<br \/>\nDieter Hartmann (VHS Mitte)<br \/>\nMaxim Heller (VHS Mitte)<br \/>\nStephan Fleck (VHS CW)<br \/>\nMira K\u00f6ller (VHS Pankow)<br \/>\nRoberta Berton (VHS SZ, TS, Pankow)<br \/>\nSabine Sch\u00f6nfeld (VHS FK)<br \/>\nSarah Kort (VHS Mitte)<br \/>\nSolveig Dorner (VHS Spandau)<br \/>\nValeria Bruschi (VHS Mitte)<br \/>\nWendelin Probst (VHS SZ, TS)<\/p>\n<p>Zudem hat die Vollversammlung den Beraterkreis, den von der Dozent*innenvertretung vorgeschlagen wurde, best\u00e4tigt. Folgende Kolleginnen geh\u00f6ren dazu: Linda Guzzetti, Ulrike Sch\u00e4tte und Beate Strenge.<\/p>\n<p>Die Berliner VHS-Dozent*innen-Vertretung ist gewerkschaftlich orientiert. Die meisten VHS-Dozent*innen sind Mitglied bei ver.di; einige auch bei der GEW. Wir arbeiten eng mit ver.di zusammen.<\/p>\n","protected":false},"excerpt":{"rendered":"<p>&nbsp; &nbsp; Die Berliner VHS-Dozent*innen-Vertretung ist eine selbstorganisierte Institution, die ehrenamtlich arbeitet. Sie wird als Gespr\u00e4chspartnerin in Politik und Verwaltung seit Jahren akzeptiert. Durch das Berliner Erwachsenenbildungsgesetz von August 2021 sind erstmals Kursleitenden-Vertretungen in allen Bezirken gesetzlich vorgeschrieben. Dadurch wird auch die Berliner VHS-Dozent:innen-Vertretung, die auf Landesebene agiert, gest\u00e4rkt. Wir setzen uns f\u00fcr eine bessere\u2026 <span class=\"read-more\"><a href=\"https:\/\/www.vhs-tarifvertrag.de\/wordpress\/\">Weiterlesen &raquo;<\/a><\/span><\/p>\n","protected":false},"author":2,"featured_media":0,"parent":0,"menu_order":1,"comment_status":"closed","ping_status":"closed","template":"","meta":{"ngg_post_thumbnail":0,"footnotes":""},"class_list":["post-963","page","type-page","status-publish","hentry"],"_links":{"self":[{"href":"https:\/\/www.vhs-tarifvertrag.de\/wordpress\/index.php?rest_route=\/wp\/v2\/pages\/963","targetHints":{"allow":["GET"]}}],"collection":[{"href":"https:\/\/www.vhs-tarifvertrag.de\/wordpress\/index.php?rest_route=\/wp\/v2\/pages"}],"about":[{"href":"https:\/\/www.vhs-tarifvertrag.de\/wordpress\/index.php?rest_route=\/wp\/v2\/types\/page"}],"author":[{"embeddable":true,"href":"https:\/\/www.vhs-tarifvertrag.de\/wordpress\/index.php?rest_route=\/wp\/v2\/users\/2"}],"replies":[{"embeddable":true,"href":"https:\/\/www.vhs-tarifvertrag.de\/wordpress\/index.php?rest_route=%2Fwp%2Fv2%2Fcomments&post=963"}],"version-history":[{"count":51,"href":"https:\/\/www.vhs-tarifvertrag.de\/wordpress\/index.php?rest_route=\/wp\/v2\/pages\/963\/revisions"}],"predecessor-version":[{"id":1447,"href":"https:\/\/www.vhs-tarifvertrag.de\/wordpress\/index.php?rest_route=\/wp\/v2\/pages\/963\/revisions\/1447"}],"wp:attachment":[{"href":"https:\/\/www.vhs-tarifvertrag.de\/wordpress\/index.php?rest_route=%2Fwp%2Fv2%2Fmedia&parent=963"}],"curies":[{"name":"wp","href":"https:\/\/api.w.org\/{rel}","templated":true}]}}