{"id":200,"date":"2016-02-29T19:51:40","date_gmt":"2016-02-29T17:51:40","guid":{"rendered":"http:\/\/www.vhs-tarifvertrag.de\/wordpress\/?page_id=200"},"modified":"2025-10-15T18:02:31","modified_gmt":"2025-10-15T16:02:31","slug":"berliner-modell-2","status":"publish","type":"page","link":"https:\/\/www.vhs-tarifvertrag.de\/wordpress\/?page_id=200","title":{"rendered":"Erreichtes"},"content":{"rendered":"<p><img loading=\"lazy\" decoding=\"async\" class=\"size-thumbnail wp-image-2656 alignleft\" src=\"https:\/\/www.vhs-tarifvertrag.de\/wordpress\/wp-content\/uploads\/Unkuerbar_Roberta_2025-09-11-150x150.jpeg\" alt=\"\" width=\"150\" height=\"150\" srcset=\"https:\/\/www.vhs-tarifvertrag.de\/wordpress\/wp-content\/uploads\/Unkuerbar_Roberta_2025-09-11-150x150.jpeg 150w, https:\/\/www.vhs-tarifvertrag.de\/wordpress\/wp-content\/uploads\/Unkuerbar_Roberta_2025-09-11-45x45.jpeg 45w\" sizes=\"auto, (max-width: 150px) 100vw, 150px\" \/>1. <b>Mehr Honorar und mehr soziale Absicherung seit 1.8.2022<\/b><\/p>\n<p>Seit dem 1.8.2022 ist die neue Ausf\u00fchrungsvorschrift (AV) VHS Honorare in Kraft, die aus einem <a href=\"https:\/\/www.vhs-tarifvertrag.de\/wordpress\/wp-content\/uploads\/AVHonorareVHS_220801_text-1.pdf\">Text<\/a> und einer <a href=\"https:\/\/www.vhs-tarifvertrag.de\/wordpress\/wp-content\/uploads\/AVHonorareVHS_220801_tabelle-1.pdf\">Tabelle<\/a> besteht.<\/p>\n<p>Sie ist das Ergebnis von Gespr\u00e4chen im Fr\u00fchjahr 2021. Dabei trafen sich eine Delegation der Berliner VHS-Dozent:innen-Vertretung und ver.di auf mit Vertreter:innen des Berliner Senats aus den Verwaltungen f\u00fcr Finanzen und f\u00fcr Bildung auf Regierungsseite. Erreicht wurden Honorar-Erh\u00f6hungen f\u00fcr alle sowie mehr soziale Absicherung f\u00fcr arbeitnehmer\u00e4hnliche VHS-Dozent:innen.<\/p>\n<p style=\"padding-left: 80px;\"><em>Arbeitnehmer\u00e4hnlichkeit: Sie gilt, wenn freiberufliche Dozent:innen als von der VHS wirtschaftlich abh\u00e4ngig sind, weil sie dort mindestens 50 Prozent ihres Einkommens erwirtschaften oder mindestens 13 UE (mit Vor- und Nachbereitung sind es 19,5 Zeitstunden) f\u00fcr die VHS arbeiten. Sie erhalten Zuschl\u00e4ge aufs Honorar:&nbsp; Urlaubsentgelt sowie Zuschl\u00e4ge zur Renten- und Krankenversicherung.<\/em><\/p>\n<p>Grundlage hierf\u00fcr war der Koalitionsvertrag von Rot-Rot-Gr\u00fcn 2016, auch die entsprechende Regierungserkl\u00e4rung von 2017, laut dem der Senat mehr soziale Sicherheit f\u00fcr VHS-Dozent:innen schaffen wollte. Darauf konnten wir uns berufen.<\/p>\n<p>Dennoch gab es auf Regierungsseite diverse Hindernisse und einen Stillstand, so dass wir erneut mit ver.di aktiv werden mussten. Schlie\u00dflich wurde die Einigung mit dem Senat m\u00f6glich durch die intensiven Aktionen zur sozialen Absicherung, zu denen die Berliner VHS-Dozent:innenvertretung mit der Unterst\u00fctzung von ver.di im Winter 2021 aufgerufen hat, durch die vielfache Mitwirkung von unseren VHS-Kolleg:innen sowie durch den gro\u00dfartigen Einsatz der bildungspolitischen Sprecherinnen aus den drei Regierungsfraktionen von Rot-Rot-Gr\u00fcn im Berliner Abgeordnetenhaus. Danke an alle!<\/p>\n<p>A. <b>Verbesserungen f\u00fcr alle Berliner VHS-Dozent:innen ab 2022<\/b><\/p>\n<p>&#8211; <em><span style=\"color: #ff6600;\"><span style=\"color: #000000;\">Honorar-Erh\u00f6hung<\/span><\/span><\/em> f\u00fcr Sprachunterricht: ab 1.8.22 &#8211; 39,14 \u20ac , ab 1.8.23 &#8211; 41 \u20ac pro Unterrichtseinheit (UE). Eine UE bedeutet 45 Minuten Unterricht und 45 Minuten Vor- und Nachbereitung.<\/p>\n<p>Das betrifft alle Sprachdozent:innen sowie die VHS-Honorarlehrkr\u00e4fte, deren Lehrt\u00e4tigkeit eine akademische Ausbildung voraussetzt (Honorargruppe 1.2). Alle Honorare in anderen VHS-Honorargruppen werden prozentual ebenso erh\u00f6ht. Die Zusch\u00fcsse f\u00fcr die Arbeitnehmer\u00e4hnlichen werden entsprechend angehoben.<\/p>\n<p>F\u00fcr Kurse, die vom Bundesamt f\u00fcr Migration und Fl\u00fcchtlinge (BAMF) finanziert werden: Mit dem Tr\u00e4gerrundschreiben 15\/22 erh\u00f6ht das BAMF die Verg\u00fctung der Dozent:innen in Integrations- und Berufssprachkursen ab dem 1.8.2022 auf 42,23 Euro pro UE.<\/p>\n<p>An den Berliner Volkshochschulen erhalten nur die BAMF-Kursdozent:innen, die nicht arbeitnehmer\u00e4hnlich sind, dieses Honorar. Die arbeitnehmer\u00e4hnlichen Berliner Dozent:innen erhalten das oben genannte geringere Basishonorar plus Zusch\u00fcsse. Mit den Zusch\u00fcssen (Urlaubsentgelt und Sozialversicherung) w\u00fcrden sie bereits mehr als die vom BAMF geforderten 42,23 \u20ac pro UE verdienen, argumentiert der Senat. Wir sehen das anders. Auf die 42,23 \u20ac als Basishonorar m\u00fcssten unseres Erachtens in BAMF-Kursen die Zusch\u00fcsse f\u00fcr Arbeitnehmer\u00e4hnliche kommen.<\/p>\n<p>&#8211; <em><span style=\"color: #000000;\"><a style=\"color: #000000;\" href=\"https:\/\/www.vhs-tarifvertrag.de\/wordpress\/wp-content\/uploads\/Servicezentrum_Pruefungen_Honorar_August2022.pdf\">Honorar<\/a> bei Pr\u00fcfungen<\/span><\/em><\/p>\n<p>ab 1.8.22 &#8211; 32,62 \u20ac pro Zeitstunde, ab 1.8.23 &#8211; 34,17 \u20ac pro Zeitstunde (60 Minuten).<\/p>\n<p><span style=\"color: #c9211e;\">Neu:<\/span> Damit werden die Pr\u00fcfungen nach Zeit und nicht mehr nach Anzahl der Kandidat:innen verg\u00fctet.<\/p>\n<p><span style=\"color: #c9211e;\">Neu:<\/span> Der Zeitaufwand wird auch in den Anspruch auf Arbeitnehmer\u00e4hnlichkeit einbezogen.<\/p>\n<p>&#8211; Honorar bei von der VHS veranlassten <em><span style=\"color: #000000;\">Konferenzen<\/span><\/em><\/p>\n<p>Pro Sitzung: ab 1.8.22 &#8211; 28 \u20ac, ab 1.8.23 &#8211; 30 \u20ac<\/p>\n<p>&#8211; Honorar f\u00fcr <em><span style=\"color: #000000;\">Gespr\u00e4che<\/span><\/em> der Kursleitenden-Vertretung mit der VHS-Leitung<\/p>\n<p>Aufwandsentsch\u00e4digung f\u00fcr das Treffen f\u00fcr jede:n Kursleitende:n &#8211; 31 \u20ac.<\/p>\n<p>&nbsp;<\/p>\n<p>B. <b>Mehr soziale Absicherung f\u00fcr Arbeitnehmer\u00e4hnliche<\/b> (LINK) ab 2022<\/p>\n<p>&#8211; Bessere Zahlung im <em><span style=\"color: #000000;\">Krankheitsfall <\/span><\/em>und (<span style=\"color: #c9211e;\">neu<\/span>) bei Reha<\/p>\n<p>Auf Antrag 90 Prozent Ausfallzahlung, zwei unbezahlte Karenztage. Jetzt auch bei mehreren verschiedenen Krankschreibungen im Jahr. F\u00fcr dieselbe Krankheit kann das Ausfallhonorar wieder gew\u00e4hrt werden, wenn die erneute Leistungsunf\u00e4higkeit mindestens sechs Monate sp\u00e4ter eintritt. <span style=\"color: #c9211e;\">Neu:<\/span> Die Regelung gilt auch f\u00fcr Reha-Ma\u00dfnahmen.<\/p>\n<p>Als unbezahlte Karenztage gelten auch Samstage, Sonntage, Feiertage und andere unterrichtsfreie Tage. Aber die Ausfallzahlung ab dem 3. Krankheitstag wird nur bezahlt, wenn tats\u00e4chlich Unterricht ausf\u00e4llt.<\/p>\n<p>Eigene Nachholtermine nach Krankheit m\u00fcssen mit dem \u00fcblichen Honorar bezahlt werden. Link<\/p>\n<h3><img loading=\"lazy\" decoding=\"async\" class=\"size-medium wp-image-323 alignright\" src=\"https:\/\/www.vhs-tarifvertrag.de\/wordpress\/wp-content\/uploads\/Bildschirmfoto-2016-03-21-um-10.42.53-300x211.png\" alt=\"\" width=\"300\" height=\"211\" srcset=\"https:\/\/www.vhs-tarifvertrag.de\/wordpress\/wp-content\/uploads\/Bildschirmfoto-2016-03-21-um-10.42.53-300x211.png 300w, https:\/\/www.vhs-tarifvertrag.de\/wordpress\/wp-content\/uploads\/Bildschirmfoto-2016-03-21-um-10.42.53-660x465.png 660w, https:\/\/www.vhs-tarifvertrag.de\/wordpress\/wp-content\/uploads\/Bildschirmfoto-2016-03-21-um-10.42.53-200x140.png 200w, https:\/\/www.vhs-tarifvertrag.de\/wordpress\/wp-content\/uploads\/Bildschirmfoto-2016-03-21-um-10.42.53.png 661w\" sizes=\"auto, (max-width: 300px) 100vw, 300px\" \/><\/h3>\n<p>&#8211; Zusch\u00fcsse zur <em><span style=\"color: #000000;\">Pflegeversicherung<\/span><\/em> (<span style=\"color: #c9211e;\">neu<\/span>)<\/p>\n<p>H\u00e4lftige Zusch\u00fcsse auch zur Pflegeversicherung.<\/p>\n<p>&#8211; <em><span style=\"color: #000000;\">Mutterschutz<\/span><\/em> (<span style=\"color: #c9211e;\">neu<\/span>)<\/p>\n<p>Auf Antrag pauschaler Zuschuss f\u00fcr den Zeitraum von bis zu sechs Wochen vor und acht Wochen nach dem Entbindungstag. Zuschuss 26 \u20ac pro Tag, maximal 2574 \u20ac.<\/p>\n<p>&#8211; Weiterbesch\u00e4ftigung <span style=\"color: #000000;\"><em>nach Krankheit<\/em><\/span>, Mutterschutz, Elternzeit, Pflegezeit (<span style=\"color: #c9211e;\">neu<\/span>)<\/p>\n<p>\u201eDie Volkshochschule pr\u00fcft auf Antrag (&#8230;) eine Wiederbeauftragung nach Nichtbesch\u00e4ftigung infolge von Krankheit, Mutterschutz, Elternzeit oder Pflege naher Angeh\u00f6riger mit dem Ziel, eine Wiederbeauftragung zu vereinbaren, sofern keine triftigen Gr\u00fcnde dagegen sprechen. Kann eine Wiederbeauftragung nicht erfolgen, ist dies schriftlich unter Angabe des Grundes mitzuteilen.\u201c (AV Honorare VHS 2022)<\/p>\n<p>&#8211; Mehr <span style=\"color: #000000;\"><em>Urlaubsanspruch<\/em><\/span><\/p>\n<p>23 Tage (statt bisher 20 Tage).<\/p>\n<p>&#8211; Mehr Ausfallzahlung bei <em><span style=\"color: #000000;\">Kursausfall<\/span><\/em><\/p>\n<p>Zehn Prozent des Kurshonorars. Bei Folgemodulen nur zwei UE. Bisher immer nur zwei UE.<\/p>\n<p>&#8211; <span style=\"color: #000000;\"><em>Bildungszeit<\/em><\/span><\/p>\n<p>Gem\u00e4\u00df dem Berliner Bildungszeitgesetz haben arbeitnehmer\u00e4hnliche freie Mitarbeitende einen Anspruch auf Bildungszeit. Die Bildungszeit kann nun auch zu Zeiten ohne tats\u00e4chliche Leistungsverpflichtung genommen werden.<\/p>\n<p>&#8211;<span style=\"color: #000000;\"><em> Unfallversicherung<\/em><\/span> (<span style=\"color: #c9211e;\">neu<\/span>)<\/p>\n<p>Auf Antrag freiwilliger pauschaler Zuschuss des Landes Berlin von bis zu 130 EUR pro Kalenderjahr.<\/p>\n<p>&#8211; <em><span style=\"color: #000000;\">Vertragsgestaltung<\/span><\/em> (teilweise <span style=\"color: #c9211e;\">neu<\/span>)<\/p>\n<p>a- Rahmenvertrag<\/p>\n<p>Neu geschaffen wird ein Rahmenvertrag mit Dozent:innen, die mehr als einmal im Kalenderjahr an der VHS eine Beauftragung erhalten. Der Rahmenvertrag ist schriftlich zu schlie\u00dfen und gilt ohne Befristung. Aber der Rahmenvertrag ist derzeit nach unserer Einsch\u00e4tzung eine leere H\u00fclle, die mit mehr Absicherung gef\u00fcllt werden sollte.<\/p>\n<p>b- Honorarvertr\u00e4ge\/Einzelauftr\u00e4ge<\/p>\n<p>Ausschlaggebend f\u00fcr Besch\u00e4ftigung und Honorar sind die konkreten Einzelauftr\u00e4ge. Sie sollen in Textform oder schriftlich geschlossen werden, aber auch ein m\u00fcndlich vereinbarter Einzelauftrag gilt. Der Einzelauftrag soll vor Ver\u00f6ffentlichung der Veranstaltung geschlossen werden.<\/p>\n<p>&nbsp;<\/p>\n<p>2. <b>Nachverhandlungen mit Berliner Senat 2023 verabredet <\/b><\/p>\n<p>u.a. \u00fcber mehr Urlaubstage und eine h\u00f6here Ausfallzahlung bei Kursverlust.<\/p>\n<p>Personalvertretung: Hier gibt es eine \u201eBem\u00fchenszusage\u201c des Senats f\u00fcr die Einbeziehung der arbeitnehmer\u00e4hnlichen freien Mitarbeitenden des Landes ins Berliner Personalvertretungsgesetz, wie zum Beispiel in NRW.<\/p>\n<p>&nbsp;<\/p>\n<p>3. <b>Berliner Erwachsenenbildungsgesetz (EBiG) 2021<\/b><\/p>\n<p><a href=\"https:\/\/gesetze.berlin.de\/bsbe\/document\/jlr-ErwBiGBErahmen\" target=\"_blank\" rel=\"noopener\">https:\/\/gesetze.berlin.de\/bsbe\/document\/jlr-ErwBiGBErahmen<\/a><\/p>\n<p>2021 wurde das Berliner Erwachsenenbildungsgesetz verabschiedet. Im Gesetzgebungsverfahren wurden wir als Berliner VHS-Dozent:innen-Vertretung sowie ver.di um Stellungnahmen gebeten.<\/p>\n<p>Verbesserungen f\u00fcr Dozent:innen durch das Gesetz<\/p>\n<p>1 <span style=\"color: #c9211e;\">Neu<\/span><span style=\"color: #111111;\">:<\/span> An jeder der zw\u00f6lf Berliner Volkshochschulen wird erstmals eine <em><span style=\"color: #000000;\">Kursleitenden(KL)-Vertretung <\/span><\/em>gesetzlich institutionalisiert.<\/p>\n<p>Bisher agierten VHS-Kursleitenden-Vertretungen (KL-Vertretungen) an ihrer VHS in einer Grauzone. Sie wurden je nach VHS akzeptiert, toleriert, diskriminiert. Mancherorts gab es keine. Im Gesetz wurde festgelegt:<\/p>\n<p style=\"padding-left: 40px;\">&#8211; Die Volkshochschule erm\u00f6glicht die Wahlversammlung, jedes Jahr oder alle zwei Jahre. In der Regel besteht die KL-Vertretung aus f\u00fcnf Mitgliedern.<\/p>\n<p style=\"padding-left: 40px;\">&#8211; Aufgabe der KL-Vertretung ist es, die Interessen der frei- und nebenberuflichen Mitarbeitenden zu vertreten. Dazu f\u00fchrt sie regelm\u00e4\u00dfig, mindestens zweimal im Jahr, Gespr\u00e4che mit der Leitung der Volkshochschule.<\/p>\n<p style=\"padding-left: 40px;\">&#8211; Bei einer Honorarvertragsk\u00fcndigung durch die Volkshochschule hat die Leitung der Volkshochschule auf Wunsch der von der K\u00fcndigung betroffenen Person oder Personen die KL-Vertretung anzuh\u00f6ren.<\/p>\n<p style=\"padding-left: 40px;\">&#8211; F\u00fcr die T\u00e4tigkeit als KL-Vertretung kann die Volkshochschule eine Aufwandsentsch\u00e4digung zahlen. Laut Honorartabelle: 31 \u20ac pro Sitzung und KL mit der Leitung.<\/p>\n<p style=\"padding-left: 40px;\">&#8211; Die KL-Vertretung kann Stellungnahmen volkshochschulintern ver\u00f6ffentlichen.<\/p>\n<p style=\"padding-left: 40px;\">&#8211; \u201eInsbesondere in \u00fcbergreifenden Fragen k\u00f6nnen die Kursleitenden-Vertretungen berlinweit zusammenarbeiten.\u201c (EBiG)<\/p>\n<p>Die Art der Zusammenarbeit wurde in Vernetzungstreffen der Berliner KL-Vertretungen verabredet. Sie findet statt durch die landesweit agierende Berliner VHS-Dozent:innen-Vertretung, die j\u00e4hrlich auf einer Dozent:innen-Vollversammlung gew\u00e4hlt wird, sowie bei zus\u00e4tzlichen Vernetzungstreffen der zw\u00f6lf bezirklichen Kursleitenden-Vertretungen.<\/p>\n<p>2 <em><span style=\"color: #000000;\">Erwachsenenbildungsbeirat<\/span><\/em><\/p>\n<p>Hier stellen die Berliner VHS-Kursleitenden-Vertretungen ein Mitglied. Der Beirat bespricht alle Fragen rund um die Erwachsenenbildung, ist bei allen Themen der Erwachsenenbildung anzuh\u00f6ren, kann Vorschl\u00e4ge machen und ber\u00e4t den f\u00fcr Erwachsenenbildung zust\u00e4ndigen Senat. Vertreten sind u.a. zahlreiche Organisationen der Erwachsenenbildung, der DGB sowie Mitglieder des Bildungsausschusses des Abgeordnetenhauses und des Berliner Senats.<\/p>\n<p>&nbsp;<\/p>\n<p>4. <b>Historie ab<\/b><b> <\/b><b>2008 <\/b><\/p>\n<p>2008 hatten die Berliner Volkshochdozent:innen einen Tiefpunkt. Seit 1991 &#8211; 17 Jahre lang &#8211; waren die Honorare nicht erh\u00f6ht worden, w\u00e4hrend in diesem Zeitraum die Lebenshaltungskosten um 40 Prozent stiegen. Das Honorar f\u00fcr Sprachunterricht lag bei 21,50 \u20ac pro Unterrichtseinheit (UE). Eine UE bedeutet 45 Minuten Unterricht und 45 Minuten Vor- und Nachbereitung. Bei einer Lehrervollzeitbesch\u00e4ftigung mit 26 UE pro Woche erhielten akademisch ausgebildete Dozent:innen etwa 1300 \u20ac pro Monat netto.<\/p>\n<p>Viele gingen bedr\u00fcckt durch ihr Berufsleben, manche beantragten in den VHS-Ferien beim Amt Hilfen zum Lebensunterhalt. Bei Husten, Fieber, Heiserkeit, nach Bandscheibenvorfall oder H\u00fcft-OP schleppten sie sich zur Arbeit. Trotzdem empfanden viele ihren Beruf als sinnvoll &#8211; angesichts des gro\u00dfen Zuspruchs von Kursteilnehmer:innen. Die Lernenden haben der Berliner VHS-Dozent:innenvertretung geholfen, um die Hoffnung nicht aufzugeben.<\/p>\n<p>1992 \u2013 vor dem Einfrieren der Honorare &#8211; lagen die Berliner VHS-Honorare auf dem Niveau des damaligen BAT (Bundesangestelltentarif) Verg\u00fctungsgruppe III und entsprachen der Bezahlung von angestellten Lehrer:innen. Ein guter Ankn\u00fcpfungspunkt f\u00fcr unsere Forderungen.<\/p>\n<p><em><span style=\"color: #000000;\">Arbeitnehmer\u00e4hnlichkeit<\/span><\/em><\/p>\n<p>Positiv aber ist schon damals die seit den 1970er Jahren im Land Berlin vorhandene Anerkennung der Arbeitnehmer\u00e4hnlichkeit. Sie gilt, wenn freiberufliche Dozent:innen als von der VHS wirtschaftlich abh\u00e4ngig sind, weil sie dort mindestens 50 Prozent ihres Einkommens erwirtschaften oder mindestens 13 UE (mit Vor- und Nachbereitung sind es 19,5 Zeitstunden) f\u00fcr die VHS arbeiten. Sie erhalten Zuschl\u00e4ge aufs Honorar: Urlaubsentgelt sowie Zuschl\u00e4ge zur Renten- und Krankenversicherung.<\/p>\n<p>Damals waren es etwa 600 anerkannte arbeitnehmer\u00e4hnliche Kolleg:innen an den zw\u00f6lf Berliner Volkshochschulen \u2013 von etwa 3000 Berliner VHS-Kursleitenden insgesamt. Heute liegen die Zahlen h\u00f6her. Von etwa 4.000 freiberuflichen Dozent:innen haben etwa 900 einen arbeitnehmer\u00e4hnlichen Status. Diese Arbeitnehmer\u00e4hnlichen leisten rund 63 Prozent des Berliner VHS-Unterrichts.<\/p>\n<p>&nbsp;<\/p>\n<p>5. <b>Wichtige Verbesserungen 2009-2019<\/b><\/p>\n<p>Seit 2009 hat die Berliner VHS-Dozent:innen-Vertretung gemeinsam mit der Gewerkschaft ver.di viel erreicht. Nicht aufgeben, freundlich im Ton, klar in der Sache \u2013 das war unsere Devise im Team bei gef\u00fchlt 1000 Aktionen, Gespr\u00e4chen, Briefen, Veranstaltungen. Gest\u00fctzt von ver.di machten wir 2 Umfragen zu den Forderungen unserer Kolleg:innen und eine erfolgreiche Kampagne zum Gewerkschaftseintritt. Und schlie\u00dflich erhielten wir gro\u00dfe Unterst\u00fctzung aus der Berliner Landespolitik.<\/p>\n<p>&#8211; Honorar-Erh\u00f6hung von 6 Prozent 2009<\/p>\n<p>&#8211; Dynamisierung der Honorare seit 2012<\/p>\n<p>Die VHS-Honorare sind seitdem an die j\u00e4hrlichen Erh\u00f6hungen der Angestellten des \u00d6ffentlichen Dienstes im Land Berlin (TV-L\u00e4nder) gekoppelt. Diese Erh\u00f6hungen werden von den Besch\u00e4ftigten erk\u00e4mpft und in Tarifgespr\u00e4chen durch die Gewerkschaften festgelegt.<\/p>\n<p>&#8211; Ausfallzahlung bei Krankheit 2014<\/p>\n<p>F\u00fcr arbeitnehmer\u00e4hnliche Dozent:innen: Zahlung von 80 Prozent Ausfallhonorar bei drei unbezahlten Karenztagen. Die Ausfallzahlung galt aber nur f\u00fcr maximal sechs Wochen im Jahr, auch bei mehrfachen Krankschreibungen.<\/p>\n<p>&#8211; Erh\u00f6hung des Honorars f\u00fcr Sprachunterricht auf 35 Euro 2019<\/p>\n<p>Unterrichtshonorar f\u00fcr Sprachunterricht (Deutsch und Fremdsprachen) 35 \u20ac pro UE. Das gilt auch f\u00fcr alle Dozent:innen der Honorargruppe 1.2. mit der Voraussetzung: abgeschlossene wissenschaftliche Hochschulausbildung oder gleichwertige Kenntnisse, unabh\u00e4ngig davon, ob jemand arbeitnehmer\u00e4hnlich ist oder nicht.<\/p>\n<p>Das entsprach einer Erh\u00f6hung von etwa 27 Prozent. Berliner VHS-Lehrende in allen Programmbereichen und Honorargruppen erhielten diese prozentuale Erh\u00f6hung. In den Folgejahren sorgte die Dynamisierung weiter f\u00fcr h\u00f6here Honorare.<\/p>\n<p>Die Antr\u00e4ge zur Arbeitnehmer\u00e4hnlichkeit, die <span lang=\"de-DE\">Rundschreiben der Senatsverwaltung f\u00fcr Finanzen \u00fcber die Feststellung der Arbeitnehmer\u00e4hnlichkeit und \u00fcber die Antragstermine f\u00fcr die Arbeitnehmer\u00e4hnlichkeit<\/span><span lang=\"de-DE\"> findet ihr <a href=\"https:\/\/www.vhs-tarifvertrag.de\/wordpress\/?page_id=282\">hier<\/a>.<\/span><\/p>\n","protected":false},"excerpt":{"rendered":"<p>1. Mehr Honorar und mehr soziale Absicherung seit 1.8.2022 Seit dem 1.8.2022 ist die neue Ausf\u00fchrungsvorschrift (AV) VHS Honorare in Kraft, die aus einem Text und einer Tabelle besteht. Sie ist das Ergebnis von Gespr\u00e4chen im Fr\u00fchjahr 2021. Dabei trafen sich eine Delegation der Berliner VHS-Dozent:innen-Vertretung und ver.di auf mit Vertreter:innen des Berliner Senats aus\u2026 <span class=\"read-more\"><a href=\"https:\/\/www.vhs-tarifvertrag.de\/wordpress\/?page_id=200\">Weiterlesen &raquo;<\/a><\/span><\/p>\n","protected":false},"author":2,"featured_media":0,"parent":0,"menu_order":5,"comment_status":"closed","ping_status":"open","template":"","meta":{"ngg_post_thumbnail":0,"footnotes":""},"class_list":["post-200","page","type-page","status-publish","hentry"],"_links":{"self":[{"href":"https:\/\/www.vhs-tarifvertrag.de\/wordpress\/index.php?rest_route=\/wp\/v2\/pages\/200","targetHints":{"allow":["GET"]}}],"collection":[{"href":"https:\/\/www.vhs-tarifvertrag.de\/wordpress\/index.php?rest_route=\/wp\/v2\/pages"}],"about":[{"href":"https:\/\/www.vhs-tarifvertrag.de\/wordpress\/index.php?rest_route=\/wp\/v2\/types\/page"}],"author":[{"embeddable":true,"href":"https:\/\/www.vhs-tarifvertrag.de\/wordpress\/index.php?rest_route=\/wp\/v2\/users\/2"}],"replies":[{"embeddable":true,"href":"https:\/\/www.vhs-tarifvertrag.de\/wordpress\/index.php?rest_route=%2Fwp%2Fv2%2Fcomments&post=200"}],"version-history":[{"count":53,"href":"https:\/\/www.vhs-tarifvertrag.de\/wordpress\/index.php?rest_route=\/wp\/v2\/pages\/200\/revisions"}],"predecessor-version":[{"id":2658,"href":"https:\/\/www.vhs-tarifvertrag.de\/wordpress\/index.php?rest_route=\/wp\/v2\/pages\/200\/revisions\/2658"}],"wp:attachment":[{"href":"https:\/\/www.vhs-tarifvertrag.de\/wordpress\/index.php?rest_route=%2Fwp%2Fv2%2Fmedia&parent=200"}],"curies":[{"name":"wp","href":"https:\/\/api.w.org\/{rel}","templated":true}]}}