{"id":197,"date":"2016-02-29T19:45:49","date_gmt":"2016-02-29T17:45:49","guid":{"rendered":"http:\/\/www.vhs-tarifvertrag.de\/wordpress\/?page_id=197"},"modified":"2025-12-17T13:55:59","modified_gmt":"2025-12-17T11:55:59","slug":"kontakt","status":"publish","type":"page","link":"https:\/\/www.vhs-tarifvertrag.de\/wordpress\/?page_id=197","title":{"rendered":"Kontakt"},"content":{"rendered":"<p><span style=\"color: #000000;\"><span style=\"font-size: medium;\"><span lang=\"de-DE\"><strong><img loading=\"lazy\" decoding=\"async\" class=\"size-thumbnail wp-image-2644 alignleft\" src=\"https:\/\/www.vhs-tarifvertrag.de\/wordpress\/wp-content\/uploads\/VHS_3_2025-09-11-150x150.jpeg\" alt=\"\" width=\"150\" height=\"150\" srcset=\"https:\/\/www.vhs-tarifvertrag.de\/wordpress\/wp-content\/uploads\/VHS_3_2025-09-11-150x150.jpeg 150w, https:\/\/www.vhs-tarifvertrag.de\/wordpress\/wp-content\/uploads\/VHS_3_2025-09-11-45x45.jpeg 45w\" sizes=\"auto, (max-width: 150px) 100vw, 150px\" \/><\/strong><\/span><\/span><\/span><\/p>\n<p>Hier ist die <strong>E-Mail-Adresse<\/strong> der Vertretung der Berliner VHS-Dozent*innen: <span style=\"color: #000000;\"><span style=\"font-size: medium;\"><span lang=\"de-DE\"><a href=\"mailto:dozvertretung-VHS-berlin@gmx.de\">dozvertretung-VHS-berlin@gmx.de<\/a><\/span><\/span><\/span><u><\/u><\/p>\n<p lang=\"de-DE\">&nbsp;<\/p>\n<p lang=\"de-DE\">An allen 12 VHS gibt es <strong>lokale Vertretungen der Kursleitenden: <\/strong><\/p>\n<p lang=\"de-DE\">&#8211; Charlottenburg-Wilmersdorf: <a href=\"mailto:cwdozvertretung@gmail.com\">cwdozvertretung@gmail.com<\/a><br \/>\n&#8211; Friedrichshain-Kreuzberg: <a href=\"mailto:dozentenvertretung-vhs-fk@gmx.de\" target=\"_blank\" rel=\"noopener\">dozentenvertretung-vhs-fk@<wbr>gmx.de<\/a><br \/>\n&#8211; Lichtenberg: <a href=\"mailto:dozvertretung.vhslichtenberg@web.de\">dozvertretung.vhslichtenberg@web.de<\/a><br \/>\n&#8211; Marzahn-Hellersdorf: <a href=\"mailto:KLV-MH@gmx.de\">KLV-MH@gmx.de<\/a><br \/>\n&#8211; Mitte: <a href=\"mailto:vertretung-mitte-vhs@posteo.net\">vertretung-mitte-vhs@posteo.net<\/a><br \/>\n&#8211; Neuk\u00f6lln: <a href=\"mailto:klv@vhs-neukoelln.de\">klv@vhs-neukoelln.de<\/a><br \/>\n&#8211; Pankow: <a href=\"mailto:kursleitendenvertretung@vhspankow.de\">kursleitendenvertretung@vhspankow.de<\/a><br \/>\n&#8211; Reinickendorf: <a href=\"mailto:DOZVHSREINICKENDORF@hotmail.com\">DOZVHSREINICKENDORF@hotmail.com<\/a><br \/>\n&#8211; Spandau:<a href=\"mailto:klv_vhs_spandau@web.de\">&nbsp;<\/a><a class=\"moz-txt-link-abbreviated\" href=\"mailto:klv@vhs-spandau.de\">klv@vhs-spandau.de<\/a><br \/>\n&#8211; Steglitz-Zehlendorf: <a href=\"mailto:dozentenvertretung@vhssz.de\">dozentenvertretung@vhssz.de<\/a><br \/>\n&#8211; Tempelhof-Sch\u00f6neberg: <a href=\"mailto:kl-vertretung-ts@posteo.de\"><span role=\"listitem\" data-test=\"msgListItem\">kl-vertretung-ts@posteo.de<\/span><\/a><br \/>\n&#8211; Treptow-K\u00f6penick: <a href=\"mailto:kursleitendenvertretung@ba-tk.berlin.de\">kursleitendenvertretung@ba-tk.berlin.de<\/a><\/p>\n<p>E-Mail-Adressen von Andr\u00e9 Pollmann, Gewerkschaftssekret\u00e4r f\u00fcr Mitglieder in Bildungseinrichtungen und politischen Stiftungen in Berlin: <a href=\"mailto:andre.pollmann@verdi.de\">andre.pollmann@verdi.de<\/a><\/p>\n<p lang=\"de-DE\"><strong>Liste der Berliner VHS-Dozent*innen<\/strong>:<\/p>\n<p>Wir haben einen E-Mail-Verteiler bei jpberlin.<\/p>\n<p>Dabei sind circa 550 Kursleitende von Berliner Volkshochschulen eingetragen. Diese Gruppe ist haupts\u00e4chlich eine e-Mailingliste, \u00fcber die die Vernetzung und der Informationsaustausch der Berliner VHS-Dozent*innen erfolgt.<\/p>\n<p>Um dem Verteiler beizutreten, folgt dem <a href=\"https:\/\/listi.jpberlin.de\/mailman\/listinfo\/berliner-vhs-dozent-innen\" target=\"_blank\" rel=\"noopener\">Link<\/a>. Dort k\u00f6nnt ihr euch anmelden, d.h. den Verteiler abonnieren.<\/p>\n<p>Die Moderator*innen bekommen eine Anfrage. Bevor sie euch annehmen, werdet ihr nach dem Name, VHS und Programmbereich gefragt, damit sicher ist, dass nur Kursleiter*innen der VHS Berlin im Verteiler sind. Diese Informationen bleiben NUR den Administrator*innen bekannt.<\/p>\n<p>Auf der Willkommensmail von jpberlin bekommt ihr den Link und das Passwort f\u00fcr die pers\u00f6nlichen Einstellungen (\u201cbitte besuchen Sie Ihre pers\u00f6nliche Einstellungsseite\u201d).<\/p>\n<p>Klickt ihn an und dann seht ihr, dass es schon Voreinstellungen gibt, die ihr bei Wunsch \u00e4ndern k\u00f6nnt.&nbsp;<\/p>\n<p>Mit dem Beitritt erkl\u00e4rt man sich mit den Gruppenregeln einverstanden.<\/p>\n<p><strong>K\u00fcndigen<\/strong> oder die <strong>Mailadresse \u00e4ndern<\/strong> k\u00f6nnt ihr ebenfalls auf dieser Seite.<\/p>\n","protected":false},"excerpt":{"rendered":"<p>Hier ist die E-Mail-Adresse der Vertretung der Berliner VHS-Dozent*innen: dozvertretung-VHS-berlin@gmx.de &nbsp; An allen 12 VHS gibt es lokale Vertretungen der Kursleitenden: &#8211; Charlottenburg-Wilmersdorf: cwdozvertretung@gmail.com &#8211; Friedrichshain-Kreuzberg: dozentenvertretung-vhs-fk@gmx.de &#8211; Lichtenberg: dozvertretung.vhslichtenberg@web.de &#8211; Marzahn-Hellersdorf: KLV-MH@gmx.de &#8211; Mitte: vertretung-mitte-vhs@posteo.net &#8211; Neuk\u00f6lln: klv@vhs-neukoelln.de &#8211; Pankow: kursleitendenvertretung@vhspankow.de &#8211; Reinickendorf: DOZVHSREINICKENDORF@hotmail.com &#8211; Spandau:&nbsp;klv@vhs-spandau.de &#8211; Steglitz-Zehlendorf: dozentenvertretung@vhssz.de &#8211; Tempelhof-Sch\u00f6neberg: kl-vertretung-ts@posteo.de &#8211; Treptow-K\u00f6penick:\u2026 <span class=\"read-more\"><a href=\"https:\/\/www.vhs-tarifvertrag.de\/wordpress\/?page_id=197\">Weiterlesen &raquo;<\/a><\/span><\/p>\n","protected":false},"author":2,"featured_media":0,"parent":0,"menu_order":9,"comment_status":"closed","ping_status":"closed","template":"","meta":{"ngg_post_thumbnail":0,"footnotes":""},"class_list":["post-197","page","type-page","status-publish","hentry"],"_links":{"self":[{"href":"https:\/\/www.vhs-tarifvertrag.de\/wordpress\/index.php?rest_route=\/wp\/v2\/pages\/197","targetHints":{"allow":["GET"]}}],"collection":[{"href":"https:\/\/www.vhs-tarifvertrag.de\/wordpress\/index.php?rest_route=\/wp\/v2\/pages"}],"about":[{"href":"https:\/\/www.vhs-tarifvertrag.de\/wordpress\/index.php?rest_route=\/wp\/v2\/types\/page"}],"author":[{"embeddable":true,"href":"https:\/\/www.vhs-tarifvertrag.de\/wordpress\/index.php?rest_route=\/wp\/v2\/users\/2"}],"replies":[{"embeddable":true,"href":"https:\/\/www.vhs-tarifvertrag.de\/wordpress\/index.php?rest_route=%2Fwp%2Fv2%2Fcomments&post=197"}],"version-history":[{"count":59,"href":"https:\/\/www.vhs-tarifvertrag.de\/wordpress\/index.php?rest_route=\/wp\/v2\/pages\/197\/revisions"}],"predecessor-version":[{"id":2672,"href":"https:\/\/www.vhs-tarifvertrag.de\/wordpress\/index.php?rest_route=\/wp\/v2\/pages\/197\/revisions\/2672"}],"wp:attachment":[{"href":"https:\/\/www.vhs-tarifvertrag.de\/wordpress\/index.php?rest_route=%2Fwp%2Fv2%2Fmedia&parent=197"}],"curies":[{"name":"wp","href":"https:\/\/api.w.org\/{rel}","templated":true}]}}