{"id":1657,"date":"2020-11-17T17:50:01","date_gmt":"2020-11-17T15:50:01","guid":{"rendered":"https:\/\/www.vhs-tarifvertrag.de\/wordpress\/?page_id=1657"},"modified":"2024-06-03T22:26:31","modified_gmt":"2024-06-03T20:26:31","slug":"1657-2","status":"publish","type":"page","link":"https:\/\/www.vhs-tarifvertrag.de\/wordpress\/?page_id=1657","title":{"rendered":"Impressum"},"content":{"rendered":"<p><strong>Inhaltlich verantwortlich gem. \u00a7 5 Digitale-Dienste-Gesetz (DDG):<\/strong><\/p>\n<p>Jana Seppelt (Landesbezirksfachbereichsleiterin)<br \/>\nver.di-Bezirk Berlin<br \/>\nFachbereich C: Gesundheit, Soziale Dienste, Bildung und Wissenschaft<br \/>\nAm Bahnhof Westend 3<br \/>\n14059 Berlin<\/p>\n<p>&nbsp;<\/p>\n<p><strong>Kontakt<\/strong><\/p>\n<p>Telefon: 030.8866-5304<br \/>\nE-Mail: <a href=\"mailto:jana.seppelt@verdi.de\">jana.seppelt@verdi.de<\/a><\/p>\n<p>&nbsp;<\/p>\n<p><strong>Redaktionell verantwortlich<\/strong><\/p>\n<p>Jana Seppelt (Landesbezirksfachbereichsleiterin)<br \/>\nver.di-Bezirk Berlin<br \/>\nFachbereich C: Gesundheit, Soziale Dienste, Bildung und Wissenschaft<br \/>\nAm Bahnhof Westend 3<br \/>\n14059 Berlin<\/p>\n<p>&nbsp;<\/p>\n<p><strong>Web:<\/strong><\/p>\n<p><a href=\"https:\/\/gesundheit-soziales-bildung-bb.verdi.de\/\">https:\/\/gesundheit-soziales-bildung-bb.verdi.de<\/a><\/p>\n<p>&nbsp;<\/p>\n<p><strong>Rechtshinweis<\/strong><br \/>\nver.di pr\u00fcft und aktualisiert die Informationen auf ihren Webseiten st\u00e4ndig. Wir sind f\u00fcr eigene Inhalte auf diesen Seiten nach den allgemeinen Gesetzen verantwortlich. Trotz aller Sorgfalt k\u00f6nnen sich die Daten ver\u00e4ndert haben. Eine Haftung oder Garantie f\u00fcr die Aktualit\u00e4t, Richtigkeit und Vollst\u00e4ndigkeit der zur Verf\u00fcgung gestellten Informationen kann daher nicht \u00fcbernommen werden. Wir sind nach \u00a7\u00a7 8-10 TMG nicht verpflichtet \u00fcbermittelte oder gespeicherte fremde Informationen zu \u00fcberwachen oder nach Umst\u00e4nden zu forschen, die auf eine rechtswidrige T\u00e4tigkeit hinweisen. Verpflichtungen zur Entfernung oder Sperrung der Nutzung von Informationen nach den allgemeinen Gesetzen bleiben hiervon unber\u00fchrt. Eine diesbez\u00fcgliche Haftung ist jedoch erst ab dem Zeitpunkt der Kenntnis einer konkreten Rechtsverletzung m\u00f6glich. Bei Bekanntwerden von entsprechenden Rechtsverletzungen werden wir diese Inhalte umgehend entfernen.<\/p>\n<p>Die verlinkten Seiten wurden zum Zeitpunkt der Verlinkung auf m\u00f6gliche Rechtsverst\u00f6\u00dfe \u00fcberpr\u00fcft. Rechtswidrige Inhalte waren zum Zeitpunkt der Verlinkung nicht erkennbar. Eine permanente inhaltliche Kontrolle der verlinkten Seiten ist jedoch ohne konkrete Anhaltspunkte einer Rechtsverletzung nicht zumutbar. Bei Bekanntwerden von Rechtsverletzungen werden wir derartige Links umgehend entfernen.<\/p>\n<p>Gleiches gilt auch f\u00fcr alle anderen Websites, auf die mittels Hyperlink verwiesen wird. ver.di ist f\u00fcr den Inhalt der Websites, die aufgrund einer solchen Verbindung erreicht werden, nicht verantwortlich.<\/p>\n<p>Des weiteren beh\u00e4lt sich ver.di das Recht vor, \u00c4nderungen oder Erg\u00e4nzungen der bereitgestellten Informationen vorzunehmen.<\/p>\n<p>Die inhaltliche Verantwortung f\u00fcr Seiten von Untergliederungen, Fachbereichen, Fach-, Personen- und Statusgruppen, Landesbezirken, Bezirken und Ortsvereinen liegt bei den jeweiligen Untergliederungen und Organen.<\/p>\n<p>Inhalt und Struktur der Websites von ver.di sind urheberrechtlich gesch\u00fctzt.<\/p>\n<p>&nbsp;<\/p>\n<p><strong>Pers\u00f6nliche Daten<\/strong><\/p>\n<p>Datenschutz spielt bei ver.di eine zentrale Rolle. Deshalb gelten bei uns strikte Vorgaben und Verfahren im Umgang mit Ihren pers\u00f6nlichen Daten.<br \/>\n\u00dcbermittelte pers\u00f6nliche Daten aus Anfragen und Zuschriften, beispielsweise Name, Postanschrift, E-Mail-Adresse oder andere pers\u00f6nlichen Angaben, werden von uns nur zum jeweils angegebenen Zweck im Rahmen der gewerkschaftspolitischen Aufgaben (<a href=\"https:\/\/www.verdi.de\/ueber-uns\/bundeskongress\/downloads\/++co++004cc9cc-c73c-11e0-7b24-0019b9e321e1\">Satzung<\/a>) elektronisch gespeichert, verarbeitet und genutzt. Dabei gelten die Regelungen des <a href=\"http:\/\/www.gesetze-im-internet.de\/bdsg_2018\/index.html\">Bundesdatenschutzgesetzes<\/a> und der DSGVO. Alle \u00fcbermittelten Daten werden sicher verwahrt und nicht an Dritte weitergegeben.<\/p>\n<p><strong>Weitere Informationen zum Datenschutz und unseren Datenschutzbeauftragten erhalten Sie hier: <\/strong><a href=\"https:\/\/datenschutz.verdi.de\/\"><strong>https:\/\/datenschutz.verdi.de<\/strong><\/a><\/p>\n<p>&nbsp;<\/p>\n","protected":false},"excerpt":{"rendered":"<p>Inhaltlich verantwortlich gem. \u00a7 5 Digitale-Dienste-Gesetz (DDG): Jana Seppelt (Landesbezirksfachbereichsleiterin) ver.di-Bezirk Berlin Fachbereich C: Gesundheit, Soziale Dienste, Bildung und Wissenschaft Am Bahnhof Westend 3 14059 Berlin &nbsp; Kontakt Telefon: 030.8866-5304 E-Mail: jana.seppelt@verdi.de &nbsp; Redaktionell verantwortlich Jana Seppelt (Landesbezirksfachbereichsleiterin) ver.di-Bezirk Berlin Fachbereich C: Gesundheit, Soziale Dienste, Bildung und Wissenschaft Am Bahnhof Westend 3 14059 Berlin &nbsp;\u2026 <span class=\"read-more\"><a href=\"https:\/\/www.vhs-tarifvertrag.de\/wordpress\/?page_id=1657\">Weiterlesen &raquo;<\/a><\/span><\/p>\n","protected":false},"author":1,"featured_media":0,"parent":0,"menu_order":10,"comment_status":"closed","ping_status":"closed","template":"","meta":{"ngg_post_thumbnail":0,"footnotes":""},"class_list":["post-1657","page","type-page","status-publish","hentry"],"_links":{"self":[{"href":"https:\/\/www.vhs-tarifvertrag.de\/wordpress\/index.php?rest_route=\/wp\/v2\/pages\/1657","targetHints":{"allow":["GET"]}}],"collection":[{"href":"https:\/\/www.vhs-tarifvertrag.de\/wordpress\/index.php?rest_route=\/wp\/v2\/pages"}],"about":[{"href":"https:\/\/www.vhs-tarifvertrag.de\/wordpress\/index.php?rest_route=\/wp\/v2\/types\/page"}],"author":[{"embeddable":true,"href":"https:\/\/www.vhs-tarifvertrag.de\/wordpress\/index.php?rest_route=\/wp\/v2\/users\/1"}],"replies":[{"embeddable":true,"href":"https:\/\/www.vhs-tarifvertrag.de\/wordpress\/index.php?rest_route=%2Fwp%2Fv2%2Fcomments&post=1657"}],"version-history":[{"count":4,"href":"https:\/\/www.vhs-tarifvertrag.de\/wordpress\/index.php?rest_route=\/wp\/v2\/pages\/1657\/revisions"}],"predecessor-version":[{"id":2430,"href":"https:\/\/www.vhs-tarifvertrag.de\/wordpress\/index.php?rest_route=\/wp\/v2\/pages\/1657\/revisions\/2430"}],"wp:attachment":[{"href":"https:\/\/www.vhs-tarifvertrag.de\/wordpress\/index.php?rest_route=%2Fwp%2Fv2%2Fmedia&parent=1657"}],"curies":[{"name":"wp","href":"https:\/\/api.w.org\/{rel}","templated":true}]}}